{"id":35714,"date":"2021-08-06T09:44:31","date_gmt":"2021-08-06T09:44:31","guid":{"rendered":"https:\/\/yourlight.com\/?page_id=35714"},"modified":"2021-08-06T09:44:52","modified_gmt":"2021-08-06T09:44:52","slug":"lagerbeleuchtung","status":"publish","type":"page","link":"https:\/\/yourlight.com\/de\/lagerbeleuchtung\/","title":{"rendered":"Lagerbeleuchtung"},"content":{"rendered":"<div class=\"wpb-content-wrapper\"><p>[vc_row full_width=&#8220;stretch_row&#8220; css=&#8220;.vc_custom_1528289453529{margin-top: -30px !important;background-image: url(https:\/\/yourlight.com\/wp-content\/uploads\/2018\/06\/achtergrond-klein.jpg?id=9188) !important;background-position: center !important;background-repeat: no-repeat !important;background-size: cover !important;}&#8220;][vc_column][vc_column_text]<\/p>\n<h1>Lagerbeleuchtung<\/h1>\n<p>Die Europ\u00e4ische Norm (NEN-EN 12464-1) besagt, dass an Orten, an denen Produkte gelagert werden, eine ausreichende Lagerbeleuchtung vorhanden sein muss und geht in den meisten F\u00e4llen von einer durchschnittlichen Lichtst\u00e4rke von 100 bis 150 Lux aus. Aber reicht das in Ihrem Lager, wo zum Beispiel Staplerfahrer Etiketten an Regalen \u00fcber 6m H\u00f6he lesen m\u00fcssen? Und soll das Licht den ganzen Tag brennen, wenn stellenweise kaum Aktivit\u00e4ten stattfinden?<\/p>\n<p>Yourlight gibt Ihnen klare und unkomplizierte Antworten auf diese Fragen.[\/vc_column_text][vc_column_text]<div class=\"ich-prefix grid-rel\">\r\n    <div class=\"grid grid-pad wcp-fgg-wrap  ich-main-1396\">\r\n                    <div class=\"mason-item col-1-3\" id=\"ich-8099-0\">\r\n                <div     class=\"wcp-caption-plugin \"\r\n    ontouchstart=\"\"\r\n    id=\"wcp-widget-8099-0\">\r\n        <a  href=\"https:\/\/yourlight.com\/nl\/vemefa\/ \" target=\"_self\">            <div class=\"image-caption-box\">\r\n                <div class=\"caption slide-top-to-bottom\">\r\n                    <div class=\"as-tble\">\r\n                                    <div class=\"centered-text\">\r\n                <p style=\"text-align: center;\"><span style=\"color: #ffffff;\">Vemefa<\/span><\/p>            <\/div>\r\n                            <\/div>\r\n                <\/div>\r\n                <img decoding=\"async\" class=\"wcp-caption-image\"\r\n                    src=\"https:\/\/yourlight.com\/wp-content\/uploads\/2018\/10\/foto-GLS-lijn-Vemefa-1.jpg\"\r\n                    title=\"Vemefa\"\r\n                    alt=\"LED Magazijnverlichting armaturen bij GLS\"\/>\r\n            <\/div>\r\n\r\n        <\/a><\/div>    <style>\r\n                    #ich-8099-0 {\r\n                padding-right: 10px;\r\n                padding-bottom: 10px;\r\n            }\r\n                #ich-8099-0 .wcp-caption-plugin {\r\n            border-width: ;\r\n            border-style: ;\r\n            border-color: ;\r\n            border-radius: ;\r\n            box-shadow: ;\r\n            width: 100%;\r\n            height: auto;\r\n            margin: 0;\r\n        }\r\n        #ich-8099-0 .caption {\r\n            border-radius: ;\r\n            background-color: ;\r\n            color:  !important;\r\n            -webkit-transition-duration: ; \/* Safari *\/\r\n            transition-duration: ;\r\n            height: 100%;\r\n            top: ;\r\n            bottom: ;\r\n        }\r\n        #ich-8099-0 .caption .centered-text {\r\n            text-align: auto;\r\n        }\r\n        #ich-8099-0 .caption .centered-text * {\r\n            color:  !important;\r\n        }\r\n        #ich-8099-0 .wcp-caption-image {\r\n            -webkit-transition-duration: ;\r\n            transition-duration: ;\r\n            border-radius: ;\r\n            height: ;\r\n            width: ;\r\n        }\r\n    <\/style>                \r\n            <\/div>\r\n                    <div class=\"mason-item col-1-3\" id=\"ich-8099-1\">\r\n                <div     class=\"wcp-caption-plugin \"\r\n    ontouchstart=\"\"\r\n    id=\"wcp-widget-8099-1\">\r\n        <a  href=\"https:\/\/yourlight.com\/vanderlande-industries\/\" target=\"_self\">            <div class=\"image-caption-box\">\r\n                <div class=\"caption slide-top-to-bottom\">\r\n                    <div class=\"as-tble\">\r\n                                    <div class=\"centered-text\">\r\n                <p style=\"text-align: center;\"><span style=\"color: #ffffff;\">Vanderlande<\/span><\/p>            <\/div>\r\n                            <\/div>\r\n                <\/div>\r\n                <img decoding=\"async\" class=\"wcp-caption-image\"\r\n                    src=\"https:\/\/yourlight.com\/wp-content\/uploads\/2018\/06\/Vanderlande-Industries-small.jpg\"\r\n                    title=\"Vanderlande Magazijnverlichting\"\r\n                    alt=\"LED Magazijnverlichting armaturen bij Vanderlande\"\/>\r\n            <\/div>\r\n\r\n        <\/a><\/div>    <style>\r\n                    #ich-8099-1 {\r\n                padding-right: 10px;\r\n                padding-bottom: 10px;\r\n            }\r\n                #ich-8099-1 .wcp-caption-plugin {\r\n            border-width: ;\r\n            border-style: ;\r\n            border-color: ;\r\n            border-radius: ;\r\n            box-shadow: ;\r\n            width: 100%;\r\n            height: auto;\r\n            margin: 0;\r\n        }\r\n        #ich-8099-1 .caption {\r\n            border-radius: ;\r\n            background-color: ;\r\n            color:  !important;\r\n            -webkit-transition-duration: ; \/* Safari *\/\r\n            transition-duration: ;\r\n            height: 100%;\r\n            top: ;\r\n            bottom: ;\r\n        }\r\n        #ich-8099-1 .caption .centered-text {\r\n            text-align: auto;\r\n        }\r\n        #ich-8099-1 .caption .centered-text * {\r\n            color:  !important;\r\n        }\r\n        #ich-8099-1 .wcp-caption-image {\r\n            -webkit-transition-duration: ;\r\n            transition-duration: ;\r\n            border-radius: ;\r\n            height: ;\r\n            width: ;\r\n        }\r\n    <\/style>                \r\n            <\/div>\r\n                    <div class=\"mason-item col-1-3\" id=\"ich-8099-2\">\r\n                <div     class=\"wcp-caption-plugin \"\r\n    ontouchstart=\"\"\r\n    id=\"wcp-widget-8099-2\">\r\n                    <div class=\"image-caption-box\">\r\n                <div class=\"caption slide-top-to-bottom\">\r\n                    <div class=\"as-tble\">\r\n                                    <div class=\"centered-text\">\r\n                <p style=\"text-align: center;\"><span style=\"color: #ffffff;\">Hitachi<\/span><\/p>            <\/div>\r\n                            <\/div>\r\n                <\/div>\r\n                <img decoding=\"async\" class=\"wcp-caption-image\"\r\n                    src=\"https:\/\/yourlight.com\/wp-content\/uploads\/2018\/05\/Indulite-foto-1.jpg\"\r\n                    title=\"Hitachi\"\r\n                    alt=\"LED Magazijnverlichting armaturen bij Indulite\"\/>\r\n            <\/div>\r\n\r\n        <\/div>    <style>\r\n                    #ich-8099-2 {\r\n                padding-right: 10px;\r\n                padding-bottom: 10px;\r\n            }\r\n                #ich-8099-2 .wcp-caption-plugin {\r\n            border-width: ;\r\n            border-style: ;\r\n            border-color: ;\r\n            border-radius: ;\r\n            box-shadow: ;\r\n            width: 100%;\r\n            height: auto;\r\n            margin: 0;\r\n        }\r\n        #ich-8099-2 .caption {\r\n            border-radius: ;\r\n            background-color: ;\r\n            color:  !important;\r\n            -webkit-transition-duration: ; \/* Safari *\/\r\n            transition-duration: ;\r\n            height: 100%;\r\n            top: ;\r\n            bottom: ;\r\n        }\r\n        #ich-8099-2 .caption .centered-text {\r\n            text-align: auto;\r\n        }\r\n        #ich-8099-2 .caption .centered-text * {\r\n            color:  !important;\r\n        }\r\n        #ich-8099-2 .wcp-caption-image {\r\n            -webkit-transition-duration: ;\r\n            transition-duration: ;\r\n            border-radius: ;\r\n            height: ;\r\n            width: ;\r\n        }\r\n    <\/style>                \r\n            <\/div>\r\n            <\/div>\r\n<\/div>\r\n<style>\r\n    .ich-main-1396 {\r\n        padding-top: 10px;padding-left: 10px;padding-right: 0px;    }\r\n<\/style>\r\n<div class=\"clearfix\"><\/div>\r\n\r\n[\/vc_column_text][\/vc_column][\/vc_row][vc_row full_width=&#8220;stretch_row&#8220; css=&#8220;.vc_custom_1528289553474{background-image: url(https:\/\/yourlight.com\/wp-content\/uploads\/2018\/06\/achtergrond-klein.jpg?id=9188) !important;background-position: center !important;background-repeat: no-repeat !important;background-size: cover !important;}&#8220;][vc_column][vc_column_text css=&#8220;.vc_custom_1628243010381{padding-top: 20px !important;padding-right: 20px !important;padding-bottom: 20px !important;padding-left: 20px !important;}&#8220;]<\/p>\n<h2>Bessere Lagerbeleuchtung bedeutet bessere Sichtbarkeit<\/h2>\n<p>Wir haben 6 Punkte aufgelistet, die bei der Beleuchtung von Lagerfl\u00e4chen und Lagerbeleuchtung von gro\u00dfer Bedeutung sind.<\/p>\n<p>&nbsp;<\/p>\n<p>Ausreichende Lichtst\u00e4rke; Die Lichtst\u00e4rke, ausgedr\u00fcckt in Lux-Werten auf Bodenniveau, ist unserer Meinung nach nicht so interessant. Der Punkt ist, dass der Raum, in dem die Lageraktivit\u00e4ten stattfinden, funktional beleuchtet ist. In Regalwegen m\u00fcssen Kommissionierer schnell sehen k\u00f6nnen, wo sich die ben\u00f6tigten Produkte befinden. Das bedeutet, dass nicht nur der Boden, sondern vor allem die Seiten der Regale gut ausgeleuchtet sein m\u00fcssen. Die Oberseite des Racks muss nicht so gut beleuchtet sein. F\u00fcr diese Kombination von Beleuchtungsanforderungen haben wir hochintelligente Lagerbeleuchtungsl\u00f6sungen, \u00fcber die wir Sie gerne informieren.<\/p>\n<p>M\u00f6glichst hohe Ebenheit; Das Lichtbild \u00fcber die gesamte Arbeitsfl\u00e4che sowie die senkrechte Fl\u00e4che von Regalen sollte m\u00f6glichst gleichm\u00e4\u00dfig ausgeleuchtet werden. Dies verbessert die Sichtbarkeit und stellt sicher, dass Produkte und\/oder Etiketten schnell erkannt werden. Eine hohe (vertikale) Gleichm\u00e4\u00dfigkeit sorgt zudem f\u00fcr die Vermeidung von Fehlern und schafft bessere Arbeitsbedingungen.<\/p>\n<p>F\u00fcr Lagerfl\u00e4chen und Lagerhallen empfehlen wir eine Ebenheit (Emin\/Egem) von mindestens 0,4.<\/p>\n<p>Die richtige Lichtfarbe (CRI); Die Farbwiedergabe des Leuchtmittels, ausnahmslos LED, ist von gro\u00dfer Bedeutung f\u00fcr die Lichtqualit\u00e4t. Sind die verwendeten LEDs nicht von h\u00f6chster Qualit\u00e4t, f\u00fchrt dies zu Erm\u00fcdung der Mitarbeiter und damit zu mehr Fehlern und unsicheren Arbeitsbedingungen. Die LEDs m\u00fcssen den richtigen Farbwiedergabeindex aufweisen, was f\u00fcr Produktionsaktivit\u00e4ten einen CRI von \u00fcber 80 (Ra&gt;80) bedeutet. Alle LEDs, die in den von uns angebotenen LED-Leuchten verwendet werden, sind von hoher Qualit\u00e4t und stammen nur von A-Herstellern, darunter Osram, Nichia, Seoul, LG, Lumiled und Cree.<\/p>\n<p>Die richtige Farbtemperatur; Wichtig ist auch die Farbtemperatur, ausgedr\u00fcckt in Kelvin. Hier geht es haupts\u00e4chlich um die Wahrnehmung des Lichts. Die Farbtemperatur sagt etwas dar\u00fcber aus, ob es sich um \u201ewarmes\u201c oder \u201ek\u00fchles\u201c Licht handelt. Untersuchungen haben gezeigt, dass bei zu warmem Licht mehr Melatonin (Schlafhormon) im Gehirn produziert wird. Das macht die Leute schl\u00e4frig. Eine k\u00fchlere Farbtemperatur, mehr in Richtung Tageslicht, sorgt daf\u00fcr, dass der Mensch wacher und damit aufmerksamer bleibt. In Lagerhallen und anderen Lagerbereichen empfehlen wir eine Farbtemperatur von 4000-5700K.<\/p>\n<p>Schattenbildung verhindern; F\u00fcr Lagerarbeiter ist es extrem \u00e4rgerlich, wenn die Lagerbeleuchtung nicht in Ordnung ist und sie im eigenen Schatten arbeiten m\u00fcssen. Dies kann leicht passieren, wenn Sie beispielsweise mit einem Gabelstapler das Licht in der H\u00f6he blockieren. Dies verlangsamt die Arbeit und l\u00e4sst Fehler zu. Wir haben LED-Beleuchtungsl\u00f6sungen f\u00fcr Lagerhallen, die die Schattenbildung minimieren.<\/p>\n<p>Blendung kann zu unsicheren Situationen f\u00fchren. Denken Sie nur an einen Staplerfahrer, der eine Palette von der Oberseite eines Regals aufnehmen muss und von der dar\u00fcber h\u00e4ngenden LED-Leuchte geblendet wird. Dies kann zu sehr unsicheren Situationen f\u00fchren. Auch das menschliche Gehirn erm\u00fcdet durch blendende LED-Leuchten schneller. Der Blendungsgrad einer Leuchte wird im UGR-Wert ausgedr\u00fcckt. Die Europa-Norm f\u00fcr Arbeitsplatzbeleuchtung f\u00fcr den Innenbereich gibt pro Situation an, wie hoch die UGR sein darf. Lesen Sie auch unseren Blog \u201eUGR-Wert, was bedeutet das?\u201c<\/p>\n<p>Dynamische Lagerbeleuchtung<\/p>\n<p>In Lagerbereichen und Lagerhallen kommt es h\u00e4ufig vor, dass ein Teil des Raumes \u00fcber l\u00e4ngere Zeit nicht genutzt wird. In diesem Fall empfehlen wir immer die Verwendung einer intelligenten Dynamikve eine Lichtl\u00f6sung anwenden Dies gilt auch, wenn viel Tageslicht durch Dachfenster oder Fenster einf\u00e4llt. Durch den Einsatz von Bewegungs- und Tageslichtsensoren k\u00f6nnen die LED-Leuchten so gesteuert werden, dass sie immer das gew\u00fcnschte Lichtniveau liefern.<\/p>\n<p>&nbsp;<\/p>\n<p>In Regalwegen, wo niemand kommt, kann das Licht einfach komplett ausgeschaltet werden. Sobald eine Person oder eine Maschine den Regalgang betritt, leuchtet das Licht der LED-Lagerbeleuchtung sofort in voller St\u00e4rke. Erkennt der Sensor nach einiger Zeit, dass keine Bewegung mehr stattfindet, kann das Licht nach und nach auf Null zur\u00fcckdimmen. Dies f\u00fchrt zu erheblichen zus\u00e4tzlichen Einsparungen beim Stromverbrauch.<\/p>\n<p>&nbsp;<\/p>\n<p>Gleiches gilt f\u00fcr Bereiche mit viel Tageslicht. Sensoren steuern die LED-Leuchten so lange zu brennen, bis das gew\u00fcnschte Lichtniveau erreicht ist. Unter einer Tageslichtkuppel ist es m\u00f6glich, dass das Licht komplett ausgeschaltet ist, w\u00e4hrend es in einer dunklen Ecke des Schuppens mit voller St\u00e4rke brennt.<\/p>\n<div id=\"gtx-trans\" style=\"position: absolute; left: -11px; top: -10px;\">\n<div class=\"gtx-trans-icon\"><\/div>\n<\/div>\n<p>[\/vc_column_text][vc_btn title=&#8220;Wilt u meer weten over magazijnverlichting? Neem dan contact op!&#8220; style=&#8220;gradient&#8220; gradient_color_1=&#8220;black&#8220; gradient_color_2=&#8220;grey&#8220; shape=&#8220;square&#8220; align=&#8220;center&#8220; link=&#8220;url:https%3A%2F%2Fyourlight.com%2Fcontact%2F|||&#8220;][vc_media_grid grid_id=&#8220;vc_gid:1628242968385-43019309-af61-9&#8243; include=&#8220;11700,11315,11330&#8243;][\/vc_column][\/vc_row]<\/p>\n<\/div>","protected":false},"excerpt":{"rendered":"<p>[vc_row full_width=&#8220;stretch_row&#8220; css=&#8220;.vc_custom_1528289453529{margin-top: -30px !important;background-image: url(https:\/\/yourlight.com\/wp-content\/uploads\/2018\/06\/achtergrond-klein.jpg?id=9188) !important;background-position: center !important;background-repeat: no-repeat !important;background-size: cover !important;}&#8220;][vc_column][vc_column_text] Lagerbeleuchtung Die Europ\u00e4ische Norm (NEN-EN 12464-1)&#8230;<\/p>\n","protected":false},"author":4,"featured_media":11483,"parent":0,"menu_order":0,"comment_status":"closed","ping_status":"closed","template":"","meta":{"footnotes":""},"class_list":["post-35714","page","type-page","status-publish","has-post-thumbnail","hentry"],"yoast_head":"<!-- This site is optimized with the Yoast SEO plugin v24.7 - https:\/\/yoast.com\/wordpress\/plugins\/seo\/ -->\n<title>Lagerbeleuchtung | Yourlight<\/title>\n<meta name=\"robots\" content=\"index, follow, max-snippet:-1, max-image-preview:large, max-video-preview:-1\" \/>\n<link rel=\"canonical\" href=\"https:\/\/yourlight.com\/de\/lagerbeleuchtung\/\" \/>\n<meta property=\"og:locale\" content=\"de_DE\" \/>\n<meta property=\"og:type\" content=\"article\" \/>\n<meta property=\"og:title\" content=\"Lagerbeleuchtung | Yourlight\" \/>\n<meta property=\"og:description\" content=\"[vc_row full_width=&#8220;stretch_row&#8220; css=&#8220;.vc_custom_1528289453529{margin-top: -30px !important;background-image: url(https:\/\/yourlight.com\/wp-content\/uploads\/2018\/06\/achtergrond-klein.jpg?id=9188) !important;background-position: center !important;background-repeat: no-repeat !important;background-size: cover !important;}&#8220;][vc_column][vc_column_text] Lagerbeleuchtung Die Europ\u00e4ische Norm (NEN-EN 12464-1)...\" \/>\n<meta property=\"og:url\" content=\"https:\/\/yourlight.com\/de\/lagerbeleuchtung\/\" \/>\n<meta property=\"og:site_name\" content=\"Yourlight\" \/>\n<meta property=\"article:modified_time\" content=\"2021-08-06T09:44:52+00:00\" \/>\n<meta property=\"og:image\" content=\"https:\/\/yourlight.com\/wp-content\/uploads\/2018\/06\/Vanderlande-Industries-banner.jpeg\" \/>\n\t<meta property=\"og:image:width\" content=\"1280\" \/>\n\t<meta property=\"og:image:height\" content=\"423\" \/>\n\t<meta property=\"og:image:type\" content=\"image\/jpeg\" \/>\n<meta name=\"twitter:card\" content=\"summary_large_image\" \/>\n<meta name=\"twitter:label1\" content=\"Gesch\u00e4tzte Lesezeit\" \/>\n\t<meta name=\"twitter:data1\" content=\"4\u00a0Minuten\" \/>\n<script type=\"application\/ld+json\" class=\"yoast-schema-graph\">{\"@context\":\"https:\/\/schema.org\",\"@graph\":[{\"@type\":\"WebPage\",\"@id\":\"https:\/\/yourlight.com\/de\/lagerbeleuchtung\/\",\"url\":\"https:\/\/yourlight.com\/de\/lagerbeleuchtung\/\",\"name\":\"Lagerbeleuchtung | Yourlight\",\"isPartOf\":{\"@id\":\"https:\/\/yourlight.com\/#website\"},\"primaryImageOfPage\":{\"@id\":\"https:\/\/yourlight.com\/de\/lagerbeleuchtung\/#primaryimage\"},\"image\":{\"@id\":\"https:\/\/yourlight.com\/de\/lagerbeleuchtung\/#primaryimage\"},\"thumbnailUrl\":\"https:\/\/yourlight.com\/wp-content\/uploads\/2018\/06\/Vanderlande-Industries-banner.jpeg\",\"datePublished\":\"2021-08-06T09:44:31+00:00\",\"dateModified\":\"2021-08-06T09:44:52+00:00\",\"breadcrumb\":{\"@id\":\"https:\/\/yourlight.com\/de\/lagerbeleuchtung\/#breadcrumb\"},\"inLanguage\":\"de\",\"potentialAction\":[{\"@type\":\"ReadAction\",\"target\":[\"https:\/\/yourlight.com\/de\/lagerbeleuchtung\/\"]}]},{\"@type\":\"ImageObject\",\"inLanguage\":\"de\",\"@id\":\"https:\/\/yourlight.com\/de\/lagerbeleuchtung\/#primaryimage\",\"url\":\"https:\/\/yourlight.com\/wp-content\/uploads\/2018\/06\/Vanderlande-Industries-banner.jpeg\",\"contentUrl\":\"https:\/\/yourlight.com\/wp-content\/uploads\/2018\/06\/Vanderlande-Industries-banner.jpeg\",\"width\":1280,\"height\":423,\"caption\":\"Vanderlande Industries banner bedrijfshalverlichting\"},{\"@type\":\"BreadcrumbList\",\"@id\":\"https:\/\/yourlight.com\/de\/lagerbeleuchtung\/#breadcrumb\",\"itemListElement\":[{\"@type\":\"ListItem\",\"position\":1,\"name\":\"Home\",\"item\":\"https:\/\/yourlight.com\/\"},{\"@type\":\"ListItem\",\"position\":2,\"name\":\"Lagerbeleuchtung\"}]},{\"@type\":\"WebSite\",\"@id\":\"https:\/\/yourlight.com\/#website\",\"url\":\"https:\/\/yourlight.com\/\",\"name\":\"Yourlight\",\"description\":\"Professionals in industrial lighting\",\"publisher\":{\"@id\":\"https:\/\/yourlight.com\/#organization\"},\"potentialAction\":[{\"@type\":\"SearchAction\",\"target\":{\"@type\":\"EntryPoint\",\"urlTemplate\":\"https:\/\/yourlight.com\/?s={search_term_string}\"},\"query-input\":{\"@type\":\"PropertyValueSpecification\",\"valueRequired\":true,\"valueName\":\"search_term_string\"}}],\"inLanguage\":\"de\"},{\"@type\":\"Organization\",\"@id\":\"https:\/\/yourlight.com\/#organization\",\"name\":\"Yourlight\",\"url\":\"https:\/\/yourlight.com\/\",\"logo\":{\"@type\":\"ImageObject\",\"inLanguage\":\"de\",\"@id\":\"https:\/\/yourlight.com\/#\/schema\/logo\/image\/\",\"url\":\"https:\/\/yourlight.com\/wp-content\/uploads\/2018\/09\/750x750.png\",\"contentUrl\":\"https:\/\/yourlight.com\/wp-content\/uploads\/2018\/09\/750x750.png\",\"width\":770,\"height\":770,\"caption\":\"Yourlight\"},\"image\":{\"@id\":\"https:\/\/yourlight.com\/#\/schema\/logo\/image\/\"},\"sameAs\":[\"https:\/\/www.linkedin.com\/company\/yourlight\/\"]}]}<\/script>\n<!-- \/ Yoast SEO plugin. -->","yoast_head_json":{"title":"Lagerbeleuchtung | Yourlight","robots":{"index":"index","follow":"follow","max-snippet":"max-snippet:-1","max-image-preview":"max-image-preview:large","max-video-preview":"max-video-preview:-1"},"canonical":"https:\/\/yourlight.com\/de\/lagerbeleuchtung\/","og_locale":"de_DE","og_type":"article","og_title":"Lagerbeleuchtung | Yourlight","og_description":"[vc_row full_width=&#8220;stretch_row&#8220; css=&#8220;.vc_custom_1528289453529{margin-top: -30px !important;background-image: url(https:\/\/yourlight.com\/wp-content\/uploads\/2018\/06\/achtergrond-klein.jpg?id=9188) !important;background-position: center !important;background-repeat: no-repeat !important;background-size: cover !important;}&#8220;][vc_column][vc_column_text] Lagerbeleuchtung Die Europ\u00e4ische Norm (NEN-EN 12464-1)...","og_url":"https:\/\/yourlight.com\/de\/lagerbeleuchtung\/","og_site_name":"Yourlight","article_modified_time":"2021-08-06T09:44:52+00:00","og_image":[{"width":1280,"height":423,"url":"https:\/\/yourlight.com\/wp-content\/uploads\/2018\/06\/Vanderlande-Industries-banner.jpeg","type":"image\/jpeg"}],"twitter_card":"summary_large_image","twitter_misc":{"Gesch\u00e4tzte Lesezeit":"4\u00a0Minuten"},"schema":{"@context":"https:\/\/schema.org","@graph":[{"@type":"WebPage","@id":"https:\/\/yourlight.com\/de\/lagerbeleuchtung\/","url":"https:\/\/yourlight.com\/de\/lagerbeleuchtung\/","name":"Lagerbeleuchtung | Yourlight","isPartOf":{"@id":"https:\/\/yourlight.com\/#website"},"primaryImageOfPage":{"@id":"https:\/\/yourlight.com\/de\/lagerbeleuchtung\/#primaryimage"},"image":{"@id":"https:\/\/yourlight.com\/de\/lagerbeleuchtung\/#primaryimage"},"thumbnailUrl":"https:\/\/yourlight.com\/wp-content\/uploads\/2018\/06\/Vanderlande-Industries-banner.jpeg","datePublished":"2021-08-06T09:44:31+00:00","dateModified":"2021-08-06T09:44:52+00:00","breadcrumb":{"@id":"https:\/\/yourlight.com\/de\/lagerbeleuchtung\/#breadcrumb"},"inLanguage":"de","potentialAction":[{"@type":"ReadAction","target":["https:\/\/yourlight.com\/de\/lagerbeleuchtung\/"]}]},{"@type":"ImageObject","inLanguage":"de","@id":"https:\/\/yourlight.com\/de\/lagerbeleuchtung\/#primaryimage","url":"https:\/\/yourlight.com\/wp-content\/uploads\/2018\/06\/Vanderlande-Industries-banner.jpeg","contentUrl":"https:\/\/yourlight.com\/wp-content\/uploads\/2018\/06\/Vanderlande-Industries-banner.jpeg","width":1280,"height":423,"caption":"Vanderlande Industries banner bedrijfshalverlichting"},{"@type":"BreadcrumbList","@id":"https:\/\/yourlight.com\/de\/lagerbeleuchtung\/#breadcrumb","itemListElement":[{"@type":"ListItem","position":1,"name":"Home","item":"https:\/\/yourlight.com\/"},{"@type":"ListItem","position":2,"name":"Lagerbeleuchtung"}]},{"@type":"WebSite","@id":"https:\/\/yourlight.com\/#website","url":"https:\/\/yourlight.com\/","name":"Yourlight","description":"Professionals in industrial lighting","publisher":{"@id":"https:\/\/yourlight.com\/#organization"},"potentialAction":[{"@type":"SearchAction","target":{"@type":"EntryPoint","urlTemplate":"https:\/\/yourlight.com\/?s={search_term_string}"},"query-input":{"@type":"PropertyValueSpecification","valueRequired":true,"valueName":"search_term_string"}}],"inLanguage":"de"},{"@type":"Organization","@id":"https:\/\/yourlight.com\/#organization","name":"Yourlight","url":"https:\/\/yourlight.com\/","logo":{"@type":"ImageObject","inLanguage":"de","@id":"https:\/\/yourlight.com\/#\/schema\/logo\/image\/","url":"https:\/\/yourlight.com\/wp-content\/uploads\/2018\/09\/750x750.png","contentUrl":"https:\/\/yourlight.com\/wp-content\/uploads\/2018\/09\/750x750.png","width":770,"height":770,"caption":"Yourlight"},"image":{"@id":"https:\/\/yourlight.com\/#\/schema\/logo\/image\/"},"sameAs":["https:\/\/www.linkedin.com\/company\/yourlight\/"]}]}},"_links":{"self":[{"href":"https:\/\/yourlight.com\/de\/wp-json\/wp\/v2\/pages\/35714","targetHints":{"allow":["GET"]}}],"collection":[{"href":"https:\/\/yourlight.com\/de\/wp-json\/wp\/v2\/pages"}],"about":[{"href":"https:\/\/yourlight.com\/de\/wp-json\/wp\/v2\/types\/page"}],"author":[{"embeddable":true,"href":"https:\/\/yourlight.com\/de\/wp-json\/wp\/v2\/users\/4"}],"replies":[{"embeddable":true,"href":"https:\/\/yourlight.com\/de\/wp-json\/wp\/v2\/comments?post=35714"}],"version-history":[{"count":3,"href":"https:\/\/yourlight.com\/de\/wp-json\/wp\/v2\/pages\/35714\/revisions"}],"predecessor-version":[{"id":35717,"href":"https:\/\/yourlight.com\/de\/wp-json\/wp\/v2\/pages\/35714\/revisions\/35717"}],"wp:featuredmedia":[{"embeddable":true,"href":"https:\/\/yourlight.com\/de\/wp-json\/wp\/v2\/media\/11483"}],"wp:attachment":[{"href":"https:\/\/yourlight.com\/de\/wp-json\/wp\/v2\/media?parent=35714"}],"curies":[{"name":"wp","href":"https:\/\/api.w.org\/{rel}","templated":true}]}}