{"id":52135,"date":"2023-09-19T09:05:52","date_gmt":"2023-09-19T09:05:52","guid":{"rendered":"https:\/\/yourlight.com\/?post_type=product&#038;p=52135"},"modified":"2024-02-13T11:14:41","modified_gmt":"2024-02-13T11:14:41","slug":"galaxy-200w-32000lm-110d-4000k-ip65-dali","status":"publish","type":"product","link":"https:\/\/yourlight.com\/de\/product\/galaxy-200w-32000lm-110d-4000k-ip65-dali\/","title":{"rendered":"GALAXY 200W 32000lm 110d 4000K IP65 DALI"},"content":{"rendered":"<div class=\"wpb-content-wrapper\"><p>[vc_row equal_height=&#8220;yes&#8220; _et_uniqid=&#8220;et_custom_uniqid_new_642c87c3efd66&#8243; css=&#8220;.vc_custom_1680639943753{margin-top: 30px !important;background-color: #f4f4f4 !important;}&#8220;][vc_column width=&#8220;1\/2&#8243; shadow_types=&#8220;small&#8220; _et_uniqid=&#8220;et_custom_uniqid_new_642c75a69f0b7&#8243; css=&#8220;.vc_custom_1680635306640{background-color: #f4f4f4 !important;}&#8220;][vc_column_text]<a href=\"https:\/\/yourlight.com\/wp-content\/uploads\/2024\/02\/Galaxy-datasheet-01-2024-gecomprimeerd_1.pdf\"><img decoding=\"async\" class=\"wp-image-25954 alignnone\" src=\"https:\/\/shop.yourlight.com\/wp-content\/uploads\/2020\/01\/download.png\" alt=\"\" width=\"22\" height=\"27\" srcset=\"https:\/\/yourlight.com\/wp-content\/uploads\/2020\/01\/download.png 203w, https:\/\/yourlight.com\/wp-content\/uploads\/2020\/01\/download-1x1.png 1w, https:\/\/yourlight.com\/wp-content\/uploads\/2020\/01\/download-8x10.png 8w\" sizes=\"(max-width: 22px) 100vw, 22px\" \/> <span style=\"color: #000000; font-size: 12px;\">Datasheet\u00a0<\/span><\/a>[\/vc_column_text][\/vc_column][vc_column width=&#8220;1\/2&#8243; shadow_types=&#8220;small&#8220; css=&#8220;.vc_custom_1680635313177{background-color: #f4f4f4 !important;}&#8220; _et_uniqid=&#8220;et_custom_uniqid_new_642c75ae1d3df&#8220;][vc_column_text]<\/p>\n<p><img decoding=\"async\" class=\"wp-image-25954 alignnone\" src=\"https:\/\/shop.yourlight.com\/wp-content\/uploads\/2020\/01\/download.png\" alt=\"\" width=\"22\" height=\"27\" srcset=\"https:\/\/yourlight.com\/wp-content\/uploads\/2020\/01\/download.png 203w, https:\/\/yourlight.com\/wp-content\/uploads\/2020\/01\/download-1x1.png 1w, https:\/\/yourlight.com\/wp-content\/uploads\/2020\/01\/download-8x10.png 8w\" sizes=\"(max-width: 22px) 100vw, 22px\" \/> <span style=\"color: #000000; font-size: 12px;\">Installation manual<\/span>[\/vc_column_text][\/vc_column][\/vc_row][vc_row equal_height=&#8220;yes&#8220; _et_uniqid=&#8220;et_custom_uniqid_new_642c33c47f662&#8243;][vc_column width=&#8220;1\/2&#8243; shadow_types=&#8220;normal&#8220; _et_uniqid=&#8220;et_custom_uniqid_new_648a2ecf87298&#8243;][vc_column_text]<strong>Bent u installateur?<\/strong><br \/>\nVoor installateurs verstrekken wij een speciaal kortingspercentage, gelieve contact met ons op te nemen voor het vrijblijvend opstellen van een offerte op maat. Wij denken graag met u mee voor diverse verlichtingsprojecten.[\/vc_column_text][vc_btn title=&#8220;Meer informatie!&#8220; style=&#8220;custom&#8220; custom_background=&#8220;#383838&#8243; custom_text=&#8220;#ffffff&#8220; shape=&#8220;square&#8220;][\/vc_column][vc_column width=&#8220;1\/2&#8243; shadow_types=&#8220;normal&#8220; _et_uniqid=&#8220;et_custom_uniqid_new_648ac43a197fd&#8220;][vc_column_text]<strong>Offerte op maat?<\/strong><br \/>\nWenst u meer dan\u00a0<strong>10\u00a0armaturen<\/strong>?<br \/>\nNeem dan contact met ons op en we maken een scherpe offerte voor u.[\/vc_column_text][vc_btn title=&#8220;Meer informatie!&#8220; style=&#8220;custom&#8220; custom_background=&#8220;#383838&#8243; custom_text=&#8220;#ffffff&#8220; shape=&#8220;square&#8220; css=&#8220;.vc_custom_1686815737630{padding-top: 10px !important;}&#8220;][\/vc_column][\/vc_row]<\/p>\n<\/div>","protected":false},"excerpt":{"rendered":"<p><strong>GALAXY LED<\/strong><\/p>\n<p>Industrieel vierkant platvormig LED-armatuur met 160 lumen per watt. Geschikt voor het effici\u00ebnt verlichten van industri\u00eble hallen, werkplaatsen, sportaccommodaties, magazijnen, commerci\u00eble ruimtes. De GALAXY heeft een erg lage verblindingsfactuur, namelijk UGR-21. Het is \u00e9\u00e9n van meest kwalitatief hoogwaardige armaturen in zijn prijsklasse. Voor specificaties verwijzen wij u graag naar de datasheet van het desbetreffende armatuur.<\/p>\n<p>Wilt u meer info over dit effici\u00ebnte armatuur, neem dan contact met ons op.<\/p>\n<p><strong>Montage <\/strong><\/p>\n<p>De correcte montage kunt u nalezen in de installatiehandleiding. Mocht u verder advies nodig hebben over de installatie van uw armatuur dan kunt u uiteraard contact met ons opnemen. Op aanvraag beschikbaar<\/p>\n<p><strong>Wattage:<\/strong> zie technische datasheet<\/p>\n<p>[vc_row equal_height=&#8220;yes&#8220; _et_uniqid=&#8220;et_custom_uniqid_new_642c33c47f662&#8243;][vc_btn title=&#8220;Prijs op aanvraag&#8220; style=&#8220;custom&#8220; custom_background=&#8220;#383838&#8243; custom_text=&#8220;#ffffff&#8220; shape=&#8220;square&#8220; css=&#8220;.vc_custom_1690272964266{padding-top: 10px !important;}&#8220; link=&#8220;url:https%3A%2F%2Fyourlight.com%2Fcontact%2F|title:Contact&#8220;][\/vc_row]<\/p>\n","protected":false},"featured_media":52469,"comment_status":"closed","ping_status":"closed","template":"","meta":[],"product_brand":[],"product_cat":[366],"product_tag":[],"class_list":{"0":"post-52135","1":"product","2":"type-product","3":"status-publish","4":"has-post-thumbnail","6":"product_cat-bedrijfshalverlichting","8":"first","9":"instock","10":"taxable","11":"shipping-taxable","12":"product-type-simple"},"etheme_brands":{"errors":{"invalid_taxonomy":["Die Taxonomie ist ung\u00fcltig."]},"error_data":[]},"yoast_head":"<!-- This site is optimized with the Yoast SEO plugin v24.7 - https:\/\/yoast.com\/wordpress\/plugins\/seo\/ -->\n<title>GALAXY 200W 32000lm 110d 4000K IP65 DALI | Yourlight<\/title>\n<meta name=\"robots\" content=\"index, follow, max-snippet:-1, max-image-preview:large, max-video-preview:-1\" \/>\n<link rel=\"canonical\" href=\"https:\/\/yourlight.com\/product\/galaxy-200w-32000lm-110d-4000k-ip65-dali\/\" \/>\n<meta property=\"og:locale\" content=\"de_DE\" \/>\n<meta property=\"og:type\" content=\"article\" \/>\n<meta property=\"og:title\" content=\"GALAXY 200W 32000lm 110d 4000K IP65 DALI | Yourlight\" \/>\n<meta property=\"og:description\" content=\"GALAXY LED  Industrieel vierkant platvormig LED-armatuur met 160 lumen per watt. Geschikt voor het effici\u00ebnt verlichten van industri\u00eble hallen, werkplaatsen, sportaccommodaties, magazijnen, commerci\u00eble ruimtes. De GALAXY heeft een erg lage verblindingsfactuur, namelijk UGR-21. Het is \u00e9\u00e9n van meest kwalitatief hoogwaardige armaturen in zijn prijsklasse. Voor specificaties verwijzen wij u graag naar de datasheet van het desbetreffende armatuur.  Wilt u meer info over dit effici\u00ebnte armatuur, neem dan contact met ons op.  Montage   De correcte montage kunt u nalezen in de installatiehandleiding. Mocht u verder advies nodig hebben over de installatie van uw armatuur dan kunt u uiteraard contact met ons opnemen. Op aanvraag beschikbaar  Wattage: zie technische datasheet  [vc_row equal_height=&quot;yes&quot; _et_uniqid=&quot;et_custom_uniqid_new_642c33c47f662&quot;][vc_btn title=&quot;Prijs op aanvraag&quot; style=&quot;custom&quot; custom_background=&quot;#383838&quot; custom_text=&quot;#ffffff&quot; shape=&quot;square&quot; css=&quot;.vc_custom_1690272964266{padding-top: 10px !important;}&quot; link=&quot;url:https%3A%2F%2Fyourlight.com%2Fcontact%2F|title:Contact&quot;][\/vc_row]\" \/>\n<meta property=\"og:url\" content=\"https:\/\/yourlight.com\/product\/galaxy-200w-32000lm-110d-4000k-ip65-dali\/\" \/>\n<meta property=\"og:site_name\" content=\"Yourlight\" \/>\n<meta property=\"article:modified_time\" content=\"2024-02-13T11:14:41+00:00\" \/>\n<meta property=\"og:image\" content=\"https:\/\/yourlight.com\/wp-content\/uploads\/2023\/09\/Mildbeam-e1695117852891-1.png\" \/>\n\t<meta property=\"og:image:width\" content=\"1004\" \/>\n\t<meta property=\"og:image:height\" content=\"928\" \/>\n\t<meta property=\"og:image:type\" content=\"image\/png\" \/>\n<meta name=\"twitter:card\" content=\"summary_large_image\" \/>\n<meta name=\"twitter:label1\" content=\"Gesch\u00e4tzte Lesezeit\" \/>\n\t<meta name=\"twitter:data1\" content=\"1\u00a0Minute\" \/>\n<script type=\"application\/ld+json\" class=\"yoast-schema-graph\">{\"@context\":\"https:\/\/schema.org\",\"@graph\":[{\"@type\":\"WebPage\",\"@id\":\"https:\/\/yourlight.com\/product\/galaxy-200w-32000lm-110d-4000k-ip65-dali\/\",\"url\":\"https:\/\/yourlight.com\/product\/galaxy-200w-32000lm-110d-4000k-ip65-dali\/\",\"name\":\"GALAXY 200W 32000lm 110d 4000K IP65 DALI | Yourlight\",\"isPartOf\":{\"@id\":\"https:\/\/yourlight.com\/#website\"},\"primaryImageOfPage\":{\"@id\":\"https:\/\/yourlight.com\/product\/galaxy-200w-32000lm-110d-4000k-ip65-dali\/#primaryimage\"},\"image\":{\"@id\":\"https:\/\/yourlight.com\/product\/galaxy-200w-32000lm-110d-4000k-ip65-dali\/#primaryimage\"},\"thumbnailUrl\":\"https:\/\/yourlight.com\/wp-content\/uploads\/2023\/09\/Mildbeam-e1695117852891-1.png\",\"datePublished\":\"2023-09-19T09:05:52+00:00\",\"dateModified\":\"2024-02-13T11:14:41+00:00\",\"breadcrumb\":{\"@id\":\"https:\/\/yourlight.com\/product\/galaxy-200w-32000lm-110d-4000k-ip65-dali\/#breadcrumb\"},\"inLanguage\":\"de\",\"potentialAction\":[{\"@type\":\"ReadAction\",\"target\":[\"https:\/\/yourlight.com\/product\/galaxy-200w-32000lm-110d-4000k-ip65-dali\/\"]}]},{\"@type\":\"ImageObject\",\"inLanguage\":\"de\",\"@id\":\"https:\/\/yourlight.com\/product\/galaxy-200w-32000lm-110d-4000k-ip65-dali\/#primaryimage\",\"url\":\"https:\/\/yourlight.com\/wp-content\/uploads\/2023\/09\/Mildbeam-e1695117852891-1.png\",\"contentUrl\":\"https:\/\/yourlight.com\/wp-content\/uploads\/2023\/09\/Mildbeam-e1695117852891-1.png\",\"width\":1004,\"height\":928},{\"@type\":\"BreadcrumbList\",\"@id\":\"https:\/\/yourlight.com\/product\/galaxy-200w-32000lm-110d-4000k-ip65-dali\/#breadcrumb\",\"itemListElement\":[{\"@type\":\"ListItem\",\"position\":1,\"name\":\"Home\",\"item\":\"https:\/\/yourlight.com\/\"},{\"@type\":\"ListItem\",\"position\":2,\"name\":\"Webshop\",\"item\":\"https:\/\/yourlight.com\/webshop\/\"},{\"@type\":\"ListItem\",\"position\":3,\"name\":\"GALAXY 200W 32000lm 110d 4000K IP65 DALI\"}]},{\"@type\":\"WebSite\",\"@id\":\"https:\/\/yourlight.com\/#website\",\"url\":\"https:\/\/yourlight.com\/\",\"name\":\"Yourlight\",\"description\":\"Professionals in industrial lighting\",\"publisher\":{\"@id\":\"https:\/\/yourlight.com\/#organization\"},\"potentialAction\":[{\"@type\":\"SearchAction\",\"target\":{\"@type\":\"EntryPoint\",\"urlTemplate\":\"https:\/\/yourlight.com\/?s={search_term_string}\"},\"query-input\":{\"@type\":\"PropertyValueSpecification\",\"valueRequired\":true,\"valueName\":\"search_term_string\"}}],\"inLanguage\":\"de\"},{\"@type\":\"Organization\",\"@id\":\"https:\/\/yourlight.com\/#organization\",\"name\":\"Yourlight\",\"url\":\"https:\/\/yourlight.com\/\",\"logo\":{\"@type\":\"ImageObject\",\"inLanguage\":\"de\",\"@id\":\"https:\/\/yourlight.com\/#\/schema\/logo\/image\/\",\"url\":\"https:\/\/yourlight.com\/wp-content\/uploads\/2018\/09\/750x750.png\",\"contentUrl\":\"https:\/\/yourlight.com\/wp-content\/uploads\/2018\/09\/750x750.png\",\"width\":770,\"height\":770,\"caption\":\"Yourlight\"},\"image\":{\"@id\":\"https:\/\/yourlight.com\/#\/schema\/logo\/image\/\"},\"sameAs\":[\"https:\/\/www.linkedin.com\/company\/yourlight\/\"]}]}<\/script>\n<!-- \/ Yoast SEO plugin. -->","yoast_head_json":{"title":"GALAXY 200W 32000lm 110d 4000K IP65 DALI | Yourlight","robots":{"index":"index","follow":"follow","max-snippet":"max-snippet:-1","max-image-preview":"max-image-preview:large","max-video-preview":"max-video-preview:-1"},"canonical":"https:\/\/yourlight.com\/product\/galaxy-200w-32000lm-110d-4000k-ip65-dali\/","og_locale":"de_DE","og_type":"article","og_title":"GALAXY 200W 32000lm 110d 4000K IP65 DALI | Yourlight","og_description":"GALAXY LED  Industrieel vierkant platvormig LED-armatuur met 160 lumen per watt. Geschikt voor het effici\u00ebnt verlichten van industri\u00eble hallen, werkplaatsen, sportaccommodaties, magazijnen, commerci\u00eble ruimtes. De GALAXY heeft een erg lage verblindingsfactuur, namelijk UGR-21. Het is \u00e9\u00e9n van meest kwalitatief hoogwaardige armaturen in zijn prijsklasse. Voor specificaties verwijzen wij u graag naar de datasheet van het desbetreffende armatuur.  Wilt u meer info over dit effici\u00ebnte armatuur, neem dan contact met ons op.  Montage   De correcte montage kunt u nalezen in de installatiehandleiding. Mocht u verder advies nodig hebben over de installatie van uw armatuur dan kunt u uiteraard contact met ons opnemen. Op aanvraag beschikbaar  Wattage: zie technische datasheet  [vc_row equal_height=\"yes\" _et_uniqid=\"et_custom_uniqid_new_642c33c47f662\"][vc_btn title=\"Prijs op aanvraag\" style=\"custom\" custom_background=\"#383838\" custom_text=\"#ffffff\" shape=\"square\" css=\".vc_custom_1690272964266{padding-top: 10px !important;}\" link=\"url:https%3A%2F%2Fyourlight.com%2Fcontact%2F|title:Contact\"][\/vc_row]","og_url":"https:\/\/yourlight.com\/product\/galaxy-200w-32000lm-110d-4000k-ip65-dali\/","og_site_name":"Yourlight","article_modified_time":"2024-02-13T11:14:41+00:00","og_image":[{"width":1004,"height":928,"url":"https:\/\/yourlight.com\/wp-content\/uploads\/2023\/09\/Mildbeam-e1695117852891-1.png","type":"image\/png"}],"twitter_card":"summary_large_image","twitter_misc":{"Gesch\u00e4tzte Lesezeit":"1\u00a0Minute"},"schema":{"@context":"https:\/\/schema.org","@graph":[{"@type":"WebPage","@id":"https:\/\/yourlight.com\/product\/galaxy-200w-32000lm-110d-4000k-ip65-dali\/","url":"https:\/\/yourlight.com\/product\/galaxy-200w-32000lm-110d-4000k-ip65-dali\/","name":"GALAXY 200W 32000lm 110d 4000K IP65 DALI | Yourlight","isPartOf":{"@id":"https:\/\/yourlight.com\/#website"},"primaryImageOfPage":{"@id":"https:\/\/yourlight.com\/product\/galaxy-200w-32000lm-110d-4000k-ip65-dali\/#primaryimage"},"image":{"@id":"https:\/\/yourlight.com\/product\/galaxy-200w-32000lm-110d-4000k-ip65-dali\/#primaryimage"},"thumbnailUrl":"https:\/\/yourlight.com\/wp-content\/uploads\/2023\/09\/Mildbeam-e1695117852891-1.png","datePublished":"2023-09-19T09:05:52+00:00","dateModified":"2024-02-13T11:14:41+00:00","breadcrumb":{"@id":"https:\/\/yourlight.com\/product\/galaxy-200w-32000lm-110d-4000k-ip65-dali\/#breadcrumb"},"inLanguage":"de","potentialAction":[{"@type":"ReadAction","target":["https:\/\/yourlight.com\/product\/galaxy-200w-32000lm-110d-4000k-ip65-dali\/"]}]},{"@type":"ImageObject","inLanguage":"de","@id":"https:\/\/yourlight.com\/product\/galaxy-200w-32000lm-110d-4000k-ip65-dali\/#primaryimage","url":"https:\/\/yourlight.com\/wp-content\/uploads\/2023\/09\/Mildbeam-e1695117852891-1.png","contentUrl":"https:\/\/yourlight.com\/wp-content\/uploads\/2023\/09\/Mildbeam-e1695117852891-1.png","width":1004,"height":928},{"@type":"BreadcrumbList","@id":"https:\/\/yourlight.com\/product\/galaxy-200w-32000lm-110d-4000k-ip65-dali\/#breadcrumb","itemListElement":[{"@type":"ListItem","position":1,"name":"Home","item":"https:\/\/yourlight.com\/"},{"@type":"ListItem","position":2,"name":"Webshop","item":"https:\/\/yourlight.com\/webshop\/"},{"@type":"ListItem","position":3,"name":"GALAXY 200W 32000lm 110d 4000K IP65 DALI"}]},{"@type":"WebSite","@id":"https:\/\/yourlight.com\/#website","url":"https:\/\/yourlight.com\/","name":"Yourlight","description":"Professionals in industrial lighting","publisher":{"@id":"https:\/\/yourlight.com\/#organization"},"potentialAction":[{"@type":"SearchAction","target":{"@type":"EntryPoint","urlTemplate":"https:\/\/yourlight.com\/?s={search_term_string}"},"query-input":{"@type":"PropertyValueSpecification","valueRequired":true,"valueName":"search_term_string"}}],"inLanguage":"de"},{"@type":"Organization","@id":"https:\/\/yourlight.com\/#organization","name":"Yourlight","url":"https:\/\/yourlight.com\/","logo":{"@type":"ImageObject","inLanguage":"de","@id":"https:\/\/yourlight.com\/#\/schema\/logo\/image\/","url":"https:\/\/yourlight.com\/wp-content\/uploads\/2018\/09\/750x750.png","contentUrl":"https:\/\/yourlight.com\/wp-content\/uploads\/2018\/09\/750x750.png","width":770,"height":770,"caption":"Yourlight"},"image":{"@id":"https:\/\/yourlight.com\/#\/schema\/logo\/image\/"},"sameAs":["https:\/\/www.linkedin.com\/company\/yourlight\/"]}]}},"_links":{"self":[{"href":"https:\/\/yourlight.com\/de\/wp-json\/wp\/v2\/product\/52135","targetHints":{"allow":["GET"]}}],"collection":[{"href":"https:\/\/yourlight.com\/de\/wp-json\/wp\/v2\/product"}],"about":[{"href":"https:\/\/yourlight.com\/de\/wp-json\/wp\/v2\/types\/product"}],"replies":[{"embeddable":true,"href":"https:\/\/yourlight.com\/de\/wp-json\/wp\/v2\/comments?post=52135"}],"wp:featuredmedia":[{"embeddable":true,"href":"https:\/\/yourlight.com\/de\/wp-json\/wp\/v2\/media\/52469"}],"wp:attachment":[{"href":"https:\/\/yourlight.com\/de\/wp-json\/wp\/v2\/media?parent=52135"}],"wp:term":[{"taxonomy":"product_brand","embeddable":true,"href":"https:\/\/yourlight.com\/de\/wp-json\/wp\/v2\/product_brand?post=52135"},{"taxonomy":"product_cat","embeddable":true,"href":"https:\/\/yourlight.com\/de\/wp-json\/wp\/v2\/product_cat?post=52135"},{"taxonomy":"product_tag","embeddable":true,"href":"https:\/\/yourlight.com\/de\/wp-json\/wp\/v2\/product_tag?post=52135"}],"curies":[{"name":"wp","href":"https:\/\/api.w.org\/{rel}","templated":true}]}}