{"id":52076,"date":"2023-09-12T11:40:25","date_gmt":"2023-09-12T11:40:25","guid":{"rendered":"https:\/\/yourlight.com\/?post_type=product&#038;p=52076"},"modified":"2023-12-08T11:14:36","modified_gmt":"2023-12-08T11:14:36","slug":"venus-400w-64000lm-mlp30-4000k-ip66","status":"publish","type":"product","link":"https:\/\/yourlight.com\/en\/product\/venus-400w-64000lm-mlp30-4000k-ip66\/","title":{"rendered":"VENUS 400W 64000lm MLP30 4000K IP66"},"content":{"rendered":"<div class=\"wpb-content-wrapper\"><p>[vc_row equal_height=&#8221;yes&#8221; _et_uniqid=&#8221;et_custom_uniqid_new_642c87c3efd66&#8243; css=&#8221;.vc_custom_1680639943753{margin-top: 30px !important;background-color: #f4f4f4 !important;}&#8221;][vc_column width=&#8221;1\/2&#8243; shadow_types=&#8221;small&#8221; _et_uniqid=&#8221;et_custom_uniqid_new_642c75a69f0b7&#8243; css=&#8221;.vc_custom_1680635306640{background-color: #f4f4f4 !important;}&#8221;][vc_column_text]<a href=\"https:\/\/yourlight.com\/wp-content\/uploads\/2023\/12\/Venus-datasheet-11-2023.pdf\"><img decoding=\"async\" class=\"wp-image-25954 alignnone\" src=\"https:\/\/shop.yourlight.com\/wp-content\/uploads\/2020\/01\/download.png\" alt=\"\" width=\"22\" height=\"27\" srcset=\"https:\/\/yourlight.com\/wp-content\/uploads\/2020\/01\/download.png 203w, https:\/\/yourlight.com\/wp-content\/uploads\/2020\/01\/download-1x1.png 1w, https:\/\/yourlight.com\/wp-content\/uploads\/2020\/01\/download-8x10.png 8w\" sizes=\"(max-width: 22px) 100vw, 22px\" \/> <span style=\"color: #000000; font-size: 12px;\">Datasheet\u00a0<\/span><\/a>[\/vc_column_text][\/vc_column][vc_column width=&#8221;1\/2&#8243; shadow_types=&#8221;small&#8221; css=&#8221;.vc_custom_1680635313177{background-color: #f4f4f4 !important;}&#8221; _et_uniqid=&#8221;et_custom_uniqid_new_642c75ae1d3df&#8221;][vc_column_text]<\/p>\n<p><img decoding=\"async\" class=\"wp-image-25954 alignnone\" src=\"https:\/\/shop.yourlight.com\/wp-content\/uploads\/2020\/01\/download.png\" alt=\"\" width=\"22\" height=\"27\" srcset=\"https:\/\/yourlight.com\/wp-content\/uploads\/2020\/01\/download.png 203w, https:\/\/yourlight.com\/wp-content\/uploads\/2020\/01\/download-1x1.png 1w, https:\/\/yourlight.com\/wp-content\/uploads\/2020\/01\/download-8x10.png 8w\" sizes=\"(max-width: 22px) 100vw, 22px\" \/> <span style=\"color: #000000; font-size: 12px;\">Installation manual<\/span>[\/vc_column_text][\/vc_column][\/vc_row][vc_row equal_height=&#8221;yes&#8221; _et_uniqid=&#8221;et_custom_uniqid_new_642c33c47f662&#8243;][vc_column width=&#8221;1\/2&#8243; shadow_types=&#8221;normal&#8221; _et_uniqid=&#8221;et_custom_uniqid_new_648a2ecf87298&#8243;][vc_column_text]<strong>Bent u installateur?<\/strong><br \/>\nVoor installateurs verstrekken wij een speciaal kortingspercentage, gelieve contact met ons op te nemen voor het vrijblijvend opstellen van een offerte op maat. Wij denken graag met u mee voor diverse verlichtingsprojecten.[\/vc_column_text][vc_btn title=&#8221;Meer informatie!&#8221; style=&#8221;custom&#8221; custom_background=&#8221;#383838&#8243; custom_text=&#8221;#ffffff&#8221; shape=&#8221;square&#8221;][\/vc_column][vc_column width=&#8221;1\/2&#8243; shadow_types=&#8221;normal&#8221; _et_uniqid=&#8221;et_custom_uniqid_new_648ac43a197fd&#8221;][vc_column_text]<strong>Offerte op maat?<\/strong><br \/>\nWenst u meer dan\u00a0<strong>10\u00a0armaturen<\/strong>?<br \/>\nNeem dan contact met ons op en we maken een scherpe offerte voor u.[\/vc_column_text][vc_btn title=&#8221;Meer informatie!&#8221; style=&#8221;custom&#8221; custom_background=&#8221;#383838&#8243; custom_text=&#8221;#ffffff&#8221; shape=&#8221;square&#8221; css=&#8221;.vc_custom_1686815737630{padding-top: 10px !important;}&#8221;][\/vc_column][\/vc_row]<\/p>\n<\/div>","protected":false},"excerpt":{"rendered":"<p><span data-sheets-value=\"{&quot;1&quot;:2,&quot;2&quot;:&quot;SLIM G3 LED nCompacte LED-schijnwerper. Gecre\u00eberd vanuit een hedendaags design en technologische evolutie. Perfect voor het verlichten van industri\u00eble en residenti\u00eble gebieden, ingangen, gevels van gebouwen en terreinen. Het is \u00e9\u00e9n van meest kwalitatief hoogwaardige armaturen in zijn prijsklasse. Voor specificaties verwijzen wij u graag naar de datasheet van het desbetreffende armatuur. Terreinverlichting is voornamelijk maatwerk en daarom adviseren wij u een natuurgetrouw lichtplan door ons te laten opstellen. Wilt u meer info over dit effici\u00ebnte armatuur, neem dan contact met ons op.nnMontagenDe correcte montage kunt u nalezen in de installatiehandleiding. Mocht u verder advies nodig hebben over de installatie van uw armatuur dan kunt u uiteraard contact met ons opnemen.nnOp aanvraag beschikbaarnWattage: zie technische datasheetnKleurtemperatuur: 5000KnUitstralingshoek: 30d, 60d, 90d, 100dx150d en MBP45nAccessoires: metal visor en stainless steel mesh protectionnnBent u installateur?nVoor installateurs verstrekken wij een speciaal kortingspercentage, gelieve contact met ons op te nemen voor het vrijblijvend opstellen van een offerte op maat. Wij denken graag met u mee voor diverse verlichtingsprojecten. n&quot;}\" data-sheets-userformat=\"{&quot;2&quot;:15235,&quot;3&quot;:{&quot;1&quot;:0},&quot;4&quot;:{&quot;1&quot;:2,&quot;2&quot;:16776960},&quot;10&quot;:0,&quot;11&quot;:4,&quot;12&quot;:0,&quot;14&quot;:{&quot;1&quot;:2,&quot;2&quot;:0},&quot;15&quot;:&quot;Arial&quot;,&quot;16&quot;:10}\"><strong>VENUS LED<\/strong><br \/>\nCompacte LED-schijnwerper. Gecre\u00eberd vanuit een hedendaags design en technologische evolutie. Perfect voor het verlichten van industri\u00eble en residenti\u00eble gebieden, ingangen, gevels van gebouwen en terreinen. Het is \u00e9\u00e9n van meest kwalitatief hoogwaardige armaturen in zijn prijsklasse. Voor specificaties verwijzen wij u graag naar de datasheet van het desbetreffende armatuur. Terreinverlichting is voornamelijk maatwerk en daarom adviseren wij u een natuurgetrouw lichtplan door ons te laten opstellen. Wilt u meer info over dit effici\u00ebnte armatuur, neem dan contact met ons op.<\/span><\/p>\n<p><strong>Montage<\/strong><br \/>\nDe correcte montage kunt u nalezen in de installatiehandleiding. Mocht u verder advies nodig hebben over de installatie van uw armatuur dan kunt u uiteraard contact met ons opnemen.<\/p>\n<p><strong>Op aanvraag beschikbaar<\/strong><br \/>\nWattage: zie technische datasheet<br \/>\nKleurtemperatuur: 5000K<br \/>\nUitstralingshoek: 30d, 60d, 90d, 100dx150d en MBP45<br \/>\nAccessoires: metal visor en stainless steel mesh protection<\/p>\n<p>[vc_row equal_height=&#8221;yes&#8221; _et_uniqid=&#8221;et_custom_uniqid_new_642c33c47f662&#8243;][vc_btn title=&#8221;Prijs op aanvraag&#8221; style=&#8221;custom&#8221; custom_background=&#8221;#383838&#8243; custom_text=&#8221;#ffffff&#8221; shape=&#8221;square&#8221; css=&#8221;.vc_custom_1690272964266{padding-top: 10px !important;}&#8221; link=&#8221;url:https%3A%2F%2Fyourlight.com%2Fcontact%2F|title:Contact&#8221;][\/vc_row]<\/p>\n","protected":false},"featured_media":52394,"comment_status":"closed","ping_status":"closed","template":"","meta":[],"product_brand":[],"product_cat":[218],"product_tag":[],"class_list":{"0":"post-52076","1":"product","2":"type-product","3":"status-publish","4":"has-post-thumbnail","6":"product_cat-terreinverlichting","8":"first","9":"instock","10":"taxable","11":"shipping-taxable","12":"product-type-simple"},"etheme_brands":{"errors":{"invalid_taxonomy":["Invalid taxonomy."]},"error_data":[]},"yoast_head":"<!-- This site is optimized with the Yoast SEO plugin v24.7 - https:\/\/yoast.com\/wordpress\/plugins\/seo\/ -->\n<title>VENUS 400W 64000lm MLP30 4000K IP66 | Yourlight<\/title>\n<meta name=\"robots\" content=\"index, follow, max-snippet:-1, max-image-preview:large, max-video-preview:-1\" \/>\n<link rel=\"canonical\" href=\"https:\/\/yourlight.com\/product\/venus-400w-64000lm-mlp30-4000k-ip66\/\" \/>\n<meta property=\"og:locale\" content=\"en_US\" \/>\n<meta property=\"og:type\" content=\"article\" \/>\n<meta property=\"og:title\" content=\"VENUS 400W 64000lm MLP30 4000K IP66 | Yourlight\" \/>\n<meta property=\"og:description\" content=\"VENUS LED Compacte LED-schijnwerper. Gecre\u00eberd vanuit een hedendaags design en technologische evolutie. Perfect voor het verlichten van industri\u00eble en residenti\u00eble gebieden, ingangen, gevels van gebouwen en terreinen. Het is \u00e9\u00e9n van meest kwalitatief hoogwaardige armaturen in zijn prijsklasse. Voor specificaties verwijzen wij u graag naar de datasheet van het desbetreffende armatuur. Terreinverlichting is voornamelijk maatwerk en daarom adviseren wij u een natuurgetrouw lichtplan door ons te laten opstellen. Wilt u meer info over dit effici\u00ebnte armatuur, neem dan contact met ons op.  Montage De correcte montage kunt u nalezen in de installatiehandleiding. Mocht u verder advies nodig hebben over de installatie van uw armatuur dan kunt u uiteraard contact met ons opnemen.  Op aanvraag beschikbaar Wattage: zie technische datasheet Kleurtemperatuur: 5000K Uitstralingshoek: 30d, 60d, 90d, 100dx150d en MBP45 Accessoires: metal visor en stainless steel mesh protection  [vc_row equal_height=&quot;yes&quot; _et_uniqid=&quot;et_custom_uniqid_new_642c33c47f662&quot;][vc_btn title=&quot;Prijs op aanvraag&quot; style=&quot;custom&quot; custom_background=&quot;#383838&quot; custom_text=&quot;#ffffff&quot; shape=&quot;square&quot; css=&quot;.vc_custom_1690272964266{padding-top: 10px !important;}&quot; link=&quot;url:https%3A%2F%2Fyourlight.com%2Fcontact%2F|title:Contact&quot;][\/vc_row]\" \/>\n<meta property=\"og:url\" content=\"https:\/\/yourlight.com\/product\/venus-400w-64000lm-mlp30-4000k-ip66\/\" \/>\n<meta property=\"og:site_name\" content=\"Yourlight\" \/>\n<meta property=\"article:modified_time\" content=\"2023-12-08T11:14:36+00:00\" \/>\n<meta property=\"og:image\" content=\"https:\/\/yourlight.com\/wp-content\/uploads\/2023\/09\/Slim-g3-kopieren-1-1.jpg\" \/>\n\t<meta property=\"og:image:width\" content=\"1000\" \/>\n\t<meta property=\"og:image:height\" content=\"1000\" \/>\n\t<meta property=\"og:image:type\" content=\"image\/jpeg\" \/>\n<meta name=\"twitter:card\" content=\"summary_large_image\" \/>\n<meta name=\"twitter:label1\" content=\"Est. reading time\" \/>\n\t<meta name=\"twitter:data1\" content=\"1 minute\" \/>\n<script type=\"application\/ld+json\" class=\"yoast-schema-graph\">{\"@context\":\"https:\/\/schema.org\",\"@graph\":[{\"@type\":\"WebPage\",\"@id\":\"https:\/\/yourlight.com\/product\/venus-400w-64000lm-mlp30-4000k-ip66\/\",\"url\":\"https:\/\/yourlight.com\/product\/venus-400w-64000lm-mlp30-4000k-ip66\/\",\"name\":\"VENUS 400W 64000lm MLP30 4000K IP66 | Yourlight\",\"isPartOf\":{\"@id\":\"https:\/\/yourlight.com\/#website\"},\"primaryImageOfPage\":{\"@id\":\"https:\/\/yourlight.com\/product\/venus-400w-64000lm-mlp30-4000k-ip66\/#primaryimage\"},\"image\":{\"@id\":\"https:\/\/yourlight.com\/product\/venus-400w-64000lm-mlp30-4000k-ip66\/#primaryimage\"},\"thumbnailUrl\":\"https:\/\/yourlight.com\/wp-content\/uploads\/2023\/09\/Slim-g3-kopieren-1-1.jpg\",\"datePublished\":\"2023-09-12T11:40:25+00:00\",\"dateModified\":\"2023-12-08T11:14:36+00:00\",\"breadcrumb\":{\"@id\":\"https:\/\/yourlight.com\/product\/venus-400w-64000lm-mlp30-4000k-ip66\/#breadcrumb\"},\"inLanguage\":\"en-US\",\"potentialAction\":[{\"@type\":\"ReadAction\",\"target\":[\"https:\/\/yourlight.com\/product\/venus-400w-64000lm-mlp30-4000k-ip66\/\"]}]},{\"@type\":\"ImageObject\",\"inLanguage\":\"en-US\",\"@id\":\"https:\/\/yourlight.com\/product\/venus-400w-64000lm-mlp30-4000k-ip66\/#primaryimage\",\"url\":\"https:\/\/yourlight.com\/wp-content\/uploads\/2023\/09\/Slim-g3-kopieren-1-1.jpg\",\"contentUrl\":\"https:\/\/yourlight.com\/wp-content\/uploads\/2023\/09\/Slim-g3-kopieren-1-1.jpg\",\"width\":1000,\"height\":1000},{\"@type\":\"BreadcrumbList\",\"@id\":\"https:\/\/yourlight.com\/product\/venus-400w-64000lm-mlp30-4000k-ip66\/#breadcrumb\",\"itemListElement\":[{\"@type\":\"ListItem\",\"position\":1,\"name\":\"Home\",\"item\":\"https:\/\/yourlight.com\/en\/\"},{\"@type\":\"ListItem\",\"position\":2,\"name\":\"Webshop\",\"item\":\"https:\/\/yourlight.com\/webshop\/\"},{\"@type\":\"ListItem\",\"position\":3,\"name\":\"VENUS 400W 64000lm MLP30 4000K IP66\"}]},{\"@type\":\"WebSite\",\"@id\":\"https:\/\/yourlight.com\/#website\",\"url\":\"https:\/\/yourlight.com\/\",\"name\":\"Yourlight\",\"description\":\"Professionals in industrial lighting\",\"publisher\":{\"@id\":\"https:\/\/yourlight.com\/#organization\"},\"potentialAction\":[{\"@type\":\"SearchAction\",\"target\":{\"@type\":\"EntryPoint\",\"urlTemplate\":\"https:\/\/yourlight.com\/?s={search_term_string}\"},\"query-input\":{\"@type\":\"PropertyValueSpecification\",\"valueRequired\":true,\"valueName\":\"search_term_string\"}}],\"inLanguage\":\"en-US\"},{\"@type\":\"Organization\",\"@id\":\"https:\/\/yourlight.com\/#organization\",\"name\":\"Yourlight\",\"url\":\"https:\/\/yourlight.com\/\",\"logo\":{\"@type\":\"ImageObject\",\"inLanguage\":\"en-US\",\"@id\":\"https:\/\/yourlight.com\/#\/schema\/logo\/image\/\",\"url\":\"https:\/\/yourlight.com\/wp-content\/uploads\/2018\/09\/750x750.png\",\"contentUrl\":\"https:\/\/yourlight.com\/wp-content\/uploads\/2018\/09\/750x750.png\",\"width\":770,\"height\":770,\"caption\":\"Yourlight\"},\"image\":{\"@id\":\"https:\/\/yourlight.com\/#\/schema\/logo\/image\/\"},\"sameAs\":[\"https:\/\/www.linkedin.com\/company\/yourlight\/\"]}]}<\/script>\n<!-- \/ Yoast SEO plugin. -->","yoast_head_json":{"title":"VENUS 400W 64000lm MLP30 4000K IP66 | Yourlight","robots":{"index":"index","follow":"follow","max-snippet":"max-snippet:-1","max-image-preview":"max-image-preview:large","max-video-preview":"max-video-preview:-1"},"canonical":"https:\/\/yourlight.com\/product\/venus-400w-64000lm-mlp30-4000k-ip66\/","og_locale":"en_US","og_type":"article","og_title":"VENUS 400W 64000lm MLP30 4000K IP66 | Yourlight","og_description":"VENUS LED Compacte LED-schijnwerper. Gecre\u00eberd vanuit een hedendaags design en technologische evolutie. Perfect voor het verlichten van industri\u00eble en residenti\u00eble gebieden, ingangen, gevels van gebouwen en terreinen. Het is \u00e9\u00e9n van meest kwalitatief hoogwaardige armaturen in zijn prijsklasse. Voor specificaties verwijzen wij u graag naar de datasheet van het desbetreffende armatuur. Terreinverlichting is voornamelijk maatwerk en daarom adviseren wij u een natuurgetrouw lichtplan door ons te laten opstellen. Wilt u meer info over dit effici\u00ebnte armatuur, neem dan contact met ons op.  Montage De correcte montage kunt u nalezen in de installatiehandleiding. Mocht u verder advies nodig hebben over de installatie van uw armatuur dan kunt u uiteraard contact met ons opnemen.  Op aanvraag beschikbaar Wattage: zie technische datasheet Kleurtemperatuur: 5000K Uitstralingshoek: 30d, 60d, 90d, 100dx150d en MBP45 Accessoires: metal visor en stainless steel mesh protection  [vc_row equal_height=\"yes\" _et_uniqid=\"et_custom_uniqid_new_642c33c47f662\"][vc_btn title=\"Prijs op aanvraag\" style=\"custom\" custom_background=\"#383838\" custom_text=\"#ffffff\" shape=\"square\" css=\".vc_custom_1690272964266{padding-top: 10px !important;}\" link=\"url:https%3A%2F%2Fyourlight.com%2Fcontact%2F|title:Contact\"][\/vc_row]","og_url":"https:\/\/yourlight.com\/product\/venus-400w-64000lm-mlp30-4000k-ip66\/","og_site_name":"Yourlight","article_modified_time":"2023-12-08T11:14:36+00:00","og_image":[{"width":1000,"height":1000,"url":"https:\/\/yourlight.com\/wp-content\/uploads\/2023\/09\/Slim-g3-kopieren-1-1.jpg","type":"image\/jpeg"}],"twitter_card":"summary_large_image","twitter_misc":{"Est. reading time":"1 minute"},"schema":{"@context":"https:\/\/schema.org","@graph":[{"@type":"WebPage","@id":"https:\/\/yourlight.com\/product\/venus-400w-64000lm-mlp30-4000k-ip66\/","url":"https:\/\/yourlight.com\/product\/venus-400w-64000lm-mlp30-4000k-ip66\/","name":"VENUS 400W 64000lm MLP30 4000K IP66 | Yourlight","isPartOf":{"@id":"https:\/\/yourlight.com\/#website"},"primaryImageOfPage":{"@id":"https:\/\/yourlight.com\/product\/venus-400w-64000lm-mlp30-4000k-ip66\/#primaryimage"},"image":{"@id":"https:\/\/yourlight.com\/product\/venus-400w-64000lm-mlp30-4000k-ip66\/#primaryimage"},"thumbnailUrl":"https:\/\/yourlight.com\/wp-content\/uploads\/2023\/09\/Slim-g3-kopieren-1-1.jpg","datePublished":"2023-09-12T11:40:25+00:00","dateModified":"2023-12-08T11:14:36+00:00","breadcrumb":{"@id":"https:\/\/yourlight.com\/product\/venus-400w-64000lm-mlp30-4000k-ip66\/#breadcrumb"},"inLanguage":"en-US","potentialAction":[{"@type":"ReadAction","target":["https:\/\/yourlight.com\/product\/venus-400w-64000lm-mlp30-4000k-ip66\/"]}]},{"@type":"ImageObject","inLanguage":"en-US","@id":"https:\/\/yourlight.com\/product\/venus-400w-64000lm-mlp30-4000k-ip66\/#primaryimage","url":"https:\/\/yourlight.com\/wp-content\/uploads\/2023\/09\/Slim-g3-kopieren-1-1.jpg","contentUrl":"https:\/\/yourlight.com\/wp-content\/uploads\/2023\/09\/Slim-g3-kopieren-1-1.jpg","width":1000,"height":1000},{"@type":"BreadcrumbList","@id":"https:\/\/yourlight.com\/product\/venus-400w-64000lm-mlp30-4000k-ip66\/#breadcrumb","itemListElement":[{"@type":"ListItem","position":1,"name":"Home","item":"https:\/\/yourlight.com\/en\/"},{"@type":"ListItem","position":2,"name":"Webshop","item":"https:\/\/yourlight.com\/webshop\/"},{"@type":"ListItem","position":3,"name":"VENUS 400W 64000lm MLP30 4000K IP66"}]},{"@type":"WebSite","@id":"https:\/\/yourlight.com\/#website","url":"https:\/\/yourlight.com\/","name":"Yourlight","description":"Professionals in industrial lighting","publisher":{"@id":"https:\/\/yourlight.com\/#organization"},"potentialAction":[{"@type":"SearchAction","target":{"@type":"EntryPoint","urlTemplate":"https:\/\/yourlight.com\/?s={search_term_string}"},"query-input":{"@type":"PropertyValueSpecification","valueRequired":true,"valueName":"search_term_string"}}],"inLanguage":"en-US"},{"@type":"Organization","@id":"https:\/\/yourlight.com\/#organization","name":"Yourlight","url":"https:\/\/yourlight.com\/","logo":{"@type":"ImageObject","inLanguage":"en-US","@id":"https:\/\/yourlight.com\/#\/schema\/logo\/image\/","url":"https:\/\/yourlight.com\/wp-content\/uploads\/2018\/09\/750x750.png","contentUrl":"https:\/\/yourlight.com\/wp-content\/uploads\/2018\/09\/750x750.png","width":770,"height":770,"caption":"Yourlight"},"image":{"@id":"https:\/\/yourlight.com\/#\/schema\/logo\/image\/"},"sameAs":["https:\/\/www.linkedin.com\/company\/yourlight\/"]}]}},"_links":{"self":[{"href":"https:\/\/yourlight.com\/en\/wp-json\/wp\/v2\/product\/52076","targetHints":{"allow":["GET"]}}],"collection":[{"href":"https:\/\/yourlight.com\/en\/wp-json\/wp\/v2\/product"}],"about":[{"href":"https:\/\/yourlight.com\/en\/wp-json\/wp\/v2\/types\/product"}],"replies":[{"embeddable":true,"href":"https:\/\/yourlight.com\/en\/wp-json\/wp\/v2\/comments?post=52076"}],"wp:featuredmedia":[{"embeddable":true,"href":"https:\/\/yourlight.com\/en\/wp-json\/wp\/v2\/media\/52394"}],"wp:attachment":[{"href":"https:\/\/yourlight.com\/en\/wp-json\/wp\/v2\/media?parent=52076"}],"wp:term":[{"taxonomy":"product_brand","embeddable":true,"href":"https:\/\/yourlight.com\/en\/wp-json\/wp\/v2\/product_brand?post=52076"},{"taxonomy":"product_cat","embeddable":true,"href":"https:\/\/yourlight.com\/en\/wp-json\/wp\/v2\/product_cat?post=52076"},{"taxonomy":"product_tag","embeddable":true,"href":"https:\/\/yourlight.com\/en\/wp-json\/wp\/v2\/product_tag?post=52076"}],"curies":[{"name":"wp","href":"https:\/\/api.w.org\/{rel}","templated":true}]}}